{"id":7,"date":"2025-07-18T09:20:16","date_gmt":"2025-07-18T09:20:16","guid":{"rendered":"https:\/\/nazarciuc.com\/?page_id=7"},"modified":"2026-03-13T07:00:53","modified_gmt":"2026-03-13T07:00:53","slug":"home","status":"publish","type":"page","link":"https:\/\/nazarciuc.com\/","title":{"rendered":"Acasa"},"content":{"rendered":"\n<div class=\"wp-block-cover alignfull\" style=\"min-height:720px;aspect-ratio:unset;\"><img loading=\"lazy\" decoding=\"async\" width=\"1024\" height=\"683\" class=\"wp-block-cover__image-background wp-image-27 size-large\" alt=\"\" src=\"https:\/\/nazarciuc.com\/wp-content\/uploads\/2025\/07\/lady_justice_optimized-1024x683.webp\" data-object-fit=\"cover\" srcset=\"https:\/\/nazarciuc.com\/wp-content\/uploads\/2025\/07\/lady_justice_optimized-1024x683.webp 1024w, https:\/\/nazarciuc.com\/wp-content\/uploads\/2025\/07\/lady_justice_optimized-300x200.webp 300w, https:\/\/nazarciuc.com\/wp-content\/uploads\/2025\/07\/lady_justice_optimized-768x512.webp 768w, https:\/\/nazarciuc.com\/wp-content\/uploads\/2025\/07\/lady_justice_optimized.webp 1536w\" sizes=\"auto, (max-width: 1024px) 100vw, 1024px\" \/><span aria-hidden=\"true\" class=\"wp-block-cover__background has-background-dim wp-block-cover__gradient-background has-background-gradient\" style=\"background-color:#64625a;background:linear-gradient(35deg,rgb(6,0,151) 0%,rgb(130,4,255) 73%,rgb(193,15,255) 100%)\"><\/span><div class=\"wp-block-cover__inner-container is-layout-flow wp-block-cover-is-layout-flow\">\n<div class=\"inherit-container-width wp-block-group alignwide is-layout-constrained wp-block-group-is-layout-constrained\">\n<div class=\"wp-block-media-text alignfull has-media-on-the-right is-stacked-on-mobile is-vertically-aligned-center\" style=\"grid-template-columns:auto 43%\"><div class=\"wp-block-media-text__content\">\n<h3 class=\"wp-block-heading has-text-align-left has-white-color has-text-color\">avocat \u00een mun. Chi\u0219in\u0103u<\/h3>\n\n\n\n<h1 class=\"wp-block-heading has-text-align-left has-white-color has-text-color\">Vadim Nazarciuc <\/h1>\n\n\n\n<p class=\"has-white-color has-text-color\">Asisten\u021b\u0103 juridic\u0103 profesionist\u0103 dedicat\u0103 drepturilor tale<\/p>\n\n\n\n<h1 class=\"wp-block-heading has-text-align-left has-white-color has-text-color\">+373 69120930<\/h1>\n\n\n\n<div class=\"wp-block-buttons is-layout-flex wp-block-buttons-is-layout-flex\"><\/div>\n<\/div><figure class=\"wp-block-media-text__media\"><img loading=\"lazy\" decoding=\"async\" width=\"1024\" height=\"683\" src=\"https:\/\/nazarciuc.com\/wp-content\/uploads\/2025\/07\/lady_justice_optimized-1024x683.webp\" alt=\"Lady Justice\" class=\"wp-image-27 size-full\" srcset=\"https:\/\/nazarciuc.com\/wp-content\/uploads\/2025\/07\/lady_justice_optimized-1024x683.webp 1024w, https:\/\/nazarciuc.com\/wp-content\/uploads\/2025\/07\/lady_justice_optimized-300x200.webp 300w, https:\/\/nazarciuc.com\/wp-content\/uploads\/2025\/07\/lady_justice_optimized-768x512.webp 768w, https:\/\/nazarciuc.com\/wp-content\/uploads\/2025\/07\/lady_justice_optimized.webp 1536w\" sizes=\"auto, (max-width: 1024px) 100vw, 1024px\" \/><\/figure><\/div>\n<\/div>\n<\/div><\/div>\n\n\n\n<div class=\"wp-block-group alignfull has-ast-global-color-5-background-color has-background is-layout-constrained wp-container-core-group-is-layout-9cedb757 wp-block-group-is-layout-constrained\" style=\"padding-bottom:0px\">\n<div class=\"wp-block-columns are-vertically-aligned-top is-layout-flex wp-container-core-columns-is-layout-00723822 wp-block-columns-is-layout-flex\">\n<div class=\"wp-block-column is-vertically-aligned-top is-layout-flow wp-container-core-column-is-layout-6b73ce23 wp-block-column-is-layout-flow\">\n<figure class=\"wp-block-image size-large\"><img decoding=\"async\" src=\"https:\/\/nazarciuc.com\/wp-content\/themes\/astra\/inc\/assets\/images\/starter-content\/blog.svg\" alt=\"\" class=\"wp-image-136\"\/><\/figure>\n\n\n\n<h3 class=\"wp-block-heading has-text-align-left\" style=\"margin-top:16px\">24\/7<\/h3>\n\n\n\n<p class=\"has-text-align-left\">Suport On-line<\/p>\n<\/div>\n\n\n\n<div class=\"wp-block-column is-vertically-aligned-top is-layout-flow wp-container-core-column-is-layout-6b73ce23 wp-block-column-is-layout-flow\">\n<figure class=\"wp-block-image size-large\"><img decoding=\"async\" src=\"https:\/\/nazarciuc.com\/wp-content\/themes\/astra\/inc\/assets\/images\/starter-content\/blog.svg\" alt=\"\" class=\"wp-image-136\"\/><\/figure>\n\n\n\n<h3 class=\"wp-block-heading has-text-align-left\" style=\"margin-top:16px\">500+<\/h3>\n\n\n\n<p class=\"has-text-align-left\">Clien\u021bi mul\u021bumi\u021bi<\/p>\n<\/div>\n\n\n\n<div class=\"wp-block-column is-vertically-aligned-top is-layout-flow wp-container-core-column-is-layout-6b73ce23 wp-block-column-is-layout-flow\">\n<figure class=\"wp-block-image size-large\"><img decoding=\"async\" src=\"https:\/\/nazarciuc.com\/wp-content\/themes\/astra\/inc\/assets\/images\/starter-content\/blog.svg\" alt=\"\" class=\"wp-image-136\"\/><\/figure>\n\n\n\n<h3 class=\"wp-block-heading has-text-align-left\" style=\"margin-top:16px\">10+<\/h3>\n\n\n\n<p class=\"has-text-align-left\">Ani experien\u021b\u0103 profesional\u0103<\/p>\n<\/div>\n\n\n\n<div class=\"wp-block-column is-vertically-aligned-top is-layout-flow wp-container-core-column-is-layout-6b73ce23 wp-block-column-is-layout-flow\">\n<figure class=\"wp-block-image size-large\"><img decoding=\"async\" src=\"https:\/\/nazarciuc.com\/wp-content\/themes\/astra\/inc\/assets\/images\/starter-content\/blog.svg\" alt=\"\" class=\"wp-image-136\"\/><\/figure>\n\n\n\n<h3 class=\"wp-block-heading has-text-align-left\" style=\"margin-top:16px\">98%<\/h3>\n\n\n\n<p class=\"has-text-align-left\">Cazuri de succes<\/p>\n<\/div>\n<\/div>\n<\/div>\n\n\n\n<div class=\"wp-block-group alignfull is-layout-constrained wp-container-core-group-is-layout-45b0ac4f wp-block-group-is-layout-constrained\" id=\"services\" style=\"padding-top:144px;padding-bottom:0px\">\n<h2 class=\"wp-block-heading has-text-align-center\">Serviciile noastre<\/h2>\n\n\n\n<div class=\"wp-block-columns is-layout-flex wp-container-core-columns-is-layout-60cbf9bb wp-block-columns-is-layout-flex\" style=\"margin-top:50px\">\n<div class=\"wp-block-column is-layout-flow wp-container-core-column-is-layout-6b73ce23 wp-block-column-is-layout-flow\">\n<figure class=\"wp-block-image size-full\"><img loading=\"lazy\" decoding=\"async\" width=\"640\" height=\"426\" src=\"https:\/\/nazarciuc.com\/wp-content\/uploads\/2025\/07\/resized_image_1.webp\" alt=\"\" class=\"wp-image-45\" srcset=\"https:\/\/nazarciuc.com\/wp-content\/uploads\/2025\/07\/resized_image_1.webp 640w, https:\/\/nazarciuc.com\/wp-content\/uploads\/2025\/07\/resized_image_1-300x200.webp 300w\" sizes=\"auto, (max-width: 640px) 100vw, 640px\" \/><\/figure>\n\n\n\n<h3 class=\"wp-block-heading\" style=\"margin-top:16px\">Consulta\u021bie Juridic\u0103<\/h3>\n\n\n\n<p>Oferim consulta\u021bii juridice temeinice, adaptate nevoilor dumneavoastr\u0103, \u00een vederea solu\u021bion\u0103rii eficiente a problemelor de ordin legal.<\/p>\n<\/div>\n\n\n\n<div class=\"wp-block-column is-layout-flow wp-container-core-column-is-layout-6b73ce23 wp-block-column-is-layout-flow\">\n<figure class=\"wp-block-image size-full\"><img loading=\"lazy\" decoding=\"async\" width=\"640\" height=\"426\" src=\"https:\/\/nazarciuc.com\/wp-content\/uploads\/2025\/07\/resized_image_5.webp\" alt=\"\" class=\"wp-image-42\" srcset=\"https:\/\/nazarciuc.com\/wp-content\/uploads\/2025\/07\/resized_image_5.webp 640w, https:\/\/nazarciuc.com\/wp-content\/uploads\/2025\/07\/resized_image_5-300x200.webp 300w\" sizes=\"auto, (max-width: 640px) 100vw, 640px\" \/><\/figure>\n\n\n\n<h3 class=\"wp-block-heading\" style=\"margin-top:16px\">Reprezentare \u00een instan\u021b\u0103<\/h3>\n\n\n\n<p>Asigur\u0103m reprezentare juridic\u0103 profesionist\u0103 \u00een fa\u021ba instan\u021belor de judecat\u0103, pentru ap\u0103rarea drepturilor \u0219i intereselor dumneavoastr\u0103.<\/p>\n<\/div>\n\n\n\n<div class=\"wp-block-column is-layout-flow wp-container-core-column-is-layout-6b73ce23 wp-block-column-is-layout-flow\">\n<figure class=\"wp-block-image size-full\"><img loading=\"lazy\" decoding=\"async\" width=\"640\" height=\"426\" src=\"https:\/\/nazarciuc.com\/wp-content\/uploads\/2025\/07\/resized_image_6.webp\" alt=\"\" class=\"wp-image-43\" srcset=\"https:\/\/nazarciuc.com\/wp-content\/uploads\/2025\/07\/resized_image_6.webp 640w, https:\/\/nazarciuc.com\/wp-content\/uploads\/2025\/07\/resized_image_6-300x200.webp 300w\" sizes=\"auto, (max-width: 640px) 100vw, 640px\" \/><\/figure>\n\n\n\n<h3 class=\"wp-block-heading\" style=\"margin-top:16px\">Urm\u0103rirea penal\u0103<\/h3>\n\n\n\n<p>Oferim asisten\u021b\u0103 \u0219i reprezentare juridic\u0103 pe parcursul urm\u0103ririi penale, protej\u00e2nd drepturile procesuale ale clientului \u00een toate etapele.<\/p>\n<\/div>\n<\/div>\n\n\n\n<div class=\"wp-block-columns is-layout-flex wp-container-core-columns-is-layout-60cbf9bb wp-block-columns-is-layout-flex\" style=\"margin-top:50px\">\n<div class=\"wp-block-column is-layout-flow wp-container-core-column-is-layout-6b73ce23 wp-block-column-is-layout-flow\">\n<figure class=\"wp-block-image size-full\"><img loading=\"lazy\" decoding=\"async\" width=\"640\" height=\"426\" src=\"https:\/\/nazarciuc.com\/wp-content\/uploads\/2025\/07\/resized_image_2.webp\" alt=\"\" class=\"wp-image-46\" srcset=\"https:\/\/nazarciuc.com\/wp-content\/uploads\/2025\/07\/resized_image_2.webp 640w, https:\/\/nazarciuc.com\/wp-content\/uploads\/2025\/07\/resized_image_2-300x200.webp 300w\" sizes=\"auto, (max-width: 640px) 100vw, 640px\" \/><\/figure>\n\n\n\n<h3 class=\"wp-block-heading\" style=\"margin-top:16px\">Dreptul familiei<\/h3>\n\n\n\n<p>Acord\u0103m consultan\u021b\u0103 \u0219i asisten\u021b\u0103 juridic\u0103 \u00een materie de divor\u021b, partaj, pensie alimentar\u0103 \u0219i alte aspecte legate de raporturile de familie.<\/p>\n<\/div>\n\n\n\n<div class=\"wp-block-column is-layout-flow wp-container-core-column-is-layout-6b73ce23 wp-block-column-is-layout-flow\">\n<figure class=\"wp-block-image size-full\"><img loading=\"lazy\" decoding=\"async\" width=\"640\" height=\"426\" src=\"https:\/\/nazarciuc.com\/wp-content\/uploads\/2025\/07\/resized_image_3.webp\" alt=\"\" class=\"wp-image-47\" srcset=\"https:\/\/nazarciuc.com\/wp-content\/uploads\/2025\/07\/resized_image_3.webp 640w, https:\/\/nazarciuc.com\/wp-content\/uploads\/2025\/07\/resized_image_3-300x200.webp 300w\" sizes=\"auto, (max-width: 640px) 100vw, 640px\" \/><\/figure>\n\n\n\n<h3 class=\"wp-block-heading\" style=\"margin-top:16px\">Dreptul muncii<\/h3>\n\n\n\n<p>Oferim asisten\u021b\u0103 juridic\u0103 \u00een conflicte de munc\u0103, concedieri, recuperarea drepturilor salariale \u0219i redactarea contractelor individuale de munc\u0103.<\/p>\n<\/div>\n\n\n\n<div class=\"wp-block-column is-layout-flow wp-container-core-column-is-layout-6b73ce23 wp-block-column-is-layout-flow\">\n<figure class=\"wp-block-image size-full\"><img loading=\"lazy\" decoding=\"async\" width=\"640\" height=\"426\" src=\"https:\/\/nazarciuc.com\/wp-content\/uploads\/2025\/07\/resized_image_7.webp\" alt=\"\" class=\"wp-image-44\" srcset=\"https:\/\/nazarciuc.com\/wp-content\/uploads\/2025\/07\/resized_image_7.webp 640w, https:\/\/nazarciuc.com\/wp-content\/uploads\/2025\/07\/resized_image_7-300x200.webp 300w\" sizes=\"auto, (max-width: 640px) 100vw, 640px\" \/><\/figure>\n\n\n\n<h3 class=\"wp-block-heading\" style=\"margin-top:16px\">Drepurile Omului<\/h3>\n\n\n\n<p>Ap\u0103r\u0103m drepturile fundamentale \u00een fa\u021ba autorit\u0103\u021bilor na\u021bionale \u0219i interna\u021bionale, inclusiv \u00een fa\u021ba Cur\u021bii Europene a Drepturilor Omului.<\/p>\n<\/div>\n<\/div>\n<\/div>\n\n\n\n<div class=\"wp-block-group alignfull has-ast-global-color-5-background-color has-background is-layout-constrained wp-container-core-group-is-layout-94d206d0 wp-block-group-is-layout-constrained\" id=\"about\" style=\"padding-top:143px;padding-bottom:144px\">\n<div class=\"wp-block-media-text has-media-on-the-right is-stacked-on-mobile is-vertically-aligned-center\"><div class=\"wp-block-media-text__content\">\n<div class=\"inherit-container-width wp-block-group is-layout-constrained wp-container-core-group-is-layout-47ce07ec wp-block-group-is-layout-constrained\" style=\"padding-right:80px\">\n<p>Oferim servicii juridice \u00eentr-o gam\u0103 variat\u0103 de domenii, at\u00e2t \u00een fa\u021ba instan\u021belor, c\u00e2t \u0219i \u00een afara lor. Abord\u0103m fiecare cauz\u0103 cu seriozitate, analiz\u00e2nd temeinic toate aspectele de fapt \u0219i de drept. Ne str\u0103duim s\u0103 oferim solu\u021bii clare, realiste \u0219i conforme cu legea. \u00cen activitatea noastr\u0103, ne ghid\u0103m dup\u0103 principii de echilibru, responsabilitate \u0219i respect fa\u021b\u0103 de client. Consider\u0103m c\u0103 misiunea noastr\u0103 este s\u0103 reprezent\u0103m cu loialitate \u0219i profesionalism interesele celor care ne solicit\u0103 sprijinul.<\/p>\n\n\n\n<p>\u00cen rela\u021bia cu fiecare client punem accent pe comunicare clar\u0103, confiden\u021bialitate \u0219i \u00eencredere reciproc\u0103. Ne adapt\u0103m permanent la evolu\u021biile legislative \u0219i jurispruden\u021biale, pentru a oferi solu\u021bii actuale \u0219i bine argumentate. Fie c\u0103 este vorba de consultan\u021b\u0103, redactarea actelor sau reprezentare \u00een instan\u021b\u0103, trat\u0103m fiecare solicitare cu aceea\u0219i aten\u021bie \u0219i seriozitate.<\/p>\n<\/div>\n<\/div><figure class=\"wp-block-media-text__media\"><img loading=\"lazy\" decoding=\"async\" width=\"1024\" height=\"683\" src=\"https:\/\/nazarciuc.com\/wp-content\/uploads\/2025\/07\/avocat-Nazarciuc-1024x683.webp\" alt=\"avocat Nazarciuc\" class=\"wp-image-52 size-full\" srcset=\"https:\/\/nazarciuc.com\/wp-content\/uploads\/2025\/07\/avocat-Nazarciuc-1024x683.webp 1024w, https:\/\/nazarciuc.com\/wp-content\/uploads\/2025\/07\/avocat-Nazarciuc-300x200.webp 300w, https:\/\/nazarciuc.com\/wp-content\/uploads\/2025\/07\/avocat-Nazarciuc-768x512.webp 768w, https:\/\/nazarciuc.com\/wp-content\/uploads\/2025\/07\/avocat-Nazarciuc-1536x1025.webp 1536w, https:\/\/nazarciuc.com\/wp-content\/uploads\/2025\/07\/avocat-Nazarciuc.webp 2048w\" sizes=\"auto, (max-width: 1024px) 100vw, 1024px\" \/><\/figure><\/div>\n<\/div>\n\n\n\n<div class=\"wp-block-group alignfull has-ast-global-color-4-background-color has-background is-layout-constrained wp-container-core-group-is-layout-6a2cfb7b wp-block-group-is-layout-constrained\" id=\"reviews\">\n<figure class=\"wp-block-image aligncenter size-full is-resized\"><img loading=\"lazy\" decoding=\"async\" width=\"889\" height=\"1071\" src=\"https:\/\/nazarciuc.com\/wp-content\/uploads\/2025\/07\/ulpian_portrait.jpg\" alt=\"\" class=\"wp-image-49\" style=\"width:65px;height:auto\" srcset=\"https:\/\/nazarciuc.com\/wp-content\/uploads\/2025\/07\/ulpian_portrait.jpg 889w, https:\/\/nazarciuc.com\/wp-content\/uploads\/2025\/07\/ulpian_portrait-249x300.jpg 249w, https:\/\/nazarciuc.com\/wp-content\/uploads\/2025\/07\/ulpian_portrait-850x1024.jpg 850w, https:\/\/nazarciuc.com\/wp-content\/uploads\/2025\/07\/ulpian_portrait-768x925.jpg 768w\" sizes=\"auto, (max-width: 889px) 100vw, 889px\" \/><\/figure>\n\n\n\n<p class=\"has-text-align-center\" style=\"font-size:22px;line-height:1.6\">\u201cDreptatea este dorin\u021ba constant\u0103 \u0219i perpetu\u0103 de a da fiec\u0103ruia ceea ce i se cuvine.\u201d<\/p>\n\n\n\n<p class=\"has-text-align-center\"><strong>Ulpian<\/strong><\/p>\n<\/div>\n\n\n\n<div class=\"wp-block-group alignfull is-layout-constrained wp-container-core-group-is-layout-3fee123f wp-block-group-is-layout-constrained\" id=\"whyus\" style=\"padding-top:144px;padding-bottom:144px\">\n<h2 class=\"wp-block-heading\">De ce noi!<\/h2>\n\n\n\n<div class=\"wp-block-columns is-layout-flex wp-container-core-columns-is-layout-29aadeec wp-block-columns-is-layout-flex\" style=\"margin-top:60px\">\n<div class=\"wp-block-column is-layout-flow wp-container-core-column-is-layout-6b73ce23 wp-block-column-is-layout-flow\">\n<figure class=\"wp-block-image size-large\"><img decoding=\"async\" src=\"https:\/\/nazarciuc.com\/wp-content\/themes\/astra\/inc\/assets\/images\/starter-content\/passionate.svg\" alt=\"\" class=\"wp-image-162\"\/><\/figure>\n\n\n\n<h3 class=\"wp-block-heading\" style=\"margin-top:16px\">Devotare<\/h3>\n\n\n\n<p>Ne desf\u0103\u0219ur\u0103m activitatea cu devotare fa\u021b\u0103 de client \u0219i fa\u021b\u0103 de valorile justi\u021biei.<\/p>\n<\/div>\n\n\n\n<div class=\"wp-block-column is-layout-flow wp-container-core-column-is-layout-6b73ce23 wp-block-column-is-layout-flow\">\n<figure class=\"wp-block-image size-large\"><img decoding=\"async\" src=\"https:\/\/nazarciuc.com\/wp-content\/themes\/astra\/inc\/assets\/images\/starter-content\/professional.svg\" alt=\"\" class=\"wp-image-163\"\/><\/figure>\n\n\n\n<h3 class=\"wp-block-heading\" style=\"margin-top:16px\">Profesionalism<\/h3>\n\n\n\n<p>Punem accent pe profesionalism \u00een fiecare etap\u0103 a asisten\u021bei \u0219i reprezent\u0103rii juridice.<\/p>\n<\/div>\n\n\n\n<div class=\"wp-block-column is-layout-flow wp-container-core-column-is-layout-6b73ce23 wp-block-column-is-layout-flow\">\n<figure class=\"wp-block-image size-large\"><img decoding=\"async\" src=\"https:\/\/nazarciuc.com\/wp-content\/themes\/astra\/inc\/assets\/images\/starter-content\/support.svg\" alt=\"\" class=\"wp-image-164\"\/><\/figure>\n\n\n\n<h3 class=\"wp-block-heading\" style=\"margin-top:16px\">Suport<\/h3>\n\n\n\n<p>Oferim suport juridic constant, adaptat nevoilor \u0219i situa\u021biilor concrete ale fiec\u0103rui client.<\/p>\n<\/div>\n<\/div>\n<\/div>\n\n\n\n<div class=\"wp-block-group alignfull has-ast-global-color-4-background-color has-background is-layout-constrained wp-container-core-group-is-layout-6a2cfb7b wp-block-group-is-layout-constrained\" id=\"reviews\">\n<p class=\"has-text-align-center\" style=\"font-size:22px;line-height:1.6\">avocat Vadim Nazarciuc<\/p>\n\n\n\n<figure class=\"wp-block-image aligncenter size-full is-resized\"><img loading=\"lazy\" decoding=\"async\" width=\"1024\" height=\"1024\" src=\"https:\/\/nazarciuc.com\/wp-content\/uploads\/2026\/03\/avocat-Nazarciuc-Vadim-PNG.png\" alt=\"avocat Nazarciuc Vadim\" class=\"wp-image-148\" style=\"width:279px;height:auto\" srcset=\"https:\/\/nazarciuc.com\/wp-content\/uploads\/2026\/03\/avocat-Nazarciuc-Vadim-PNG.png 1024w, https:\/\/nazarciuc.com\/wp-content\/uploads\/2026\/03\/avocat-Nazarciuc-Vadim-PNG-300x300.png 300w, https:\/\/nazarciuc.com\/wp-content\/uploads\/2026\/03\/avocat-Nazarciuc-Vadim-PNG-150x150.png 150w, https:\/\/nazarciuc.com\/wp-content\/uploads\/2026\/03\/avocat-Nazarciuc-Vadim-PNG-768x768.png 768w\" sizes=\"auto, (max-width: 1024px) 100vw, 1024px\" \/><\/figure>\n<\/div>\n\n\n\n<div class=\"wp-block-group alignfull has-background is-layout-constrained wp-container-core-group-is-layout-cfcca693 wp-block-group-is-layout-constrained\" id=\"contact\" style=\"background:linear-gradient(35deg,rgb(6,0,151) 0%,rgb(130,4,255) 64%,rgb(193,15,255) 98%);padding-top:104px;padding-bottom:104px\">\n<h2 class=\"wp-block-heading has-text-align-center has-text-color\" style=\"color:#ffffff\">mun. Chi\u0219in\u0103u<\/h2>\n\n\n\n<h2 class=\"wp-block-heading has-text-align-center has-text-color\" style=\"color:#ffffff\">+373 69120930<\/h2>\n\n\n\n<h2 class=\"wp-block-heading has-text-align-center has-text-color\" style=\"color:#ffffff\">vadim@nazarciuc.com<\/h2>\n\n\n\n<div class=\"wp-block-buttons alignwide is-horizontal is-content-justification-center is-layout-flex wp-container-core-buttons-is-layout-bba8380a wp-block-buttons-is-layout-flex\" style=\"margin-top:50px\"><\/div>\n<\/div>\n\n\n\n<p><\/p>\n","protected":false},"excerpt":{"rendered":"<p>24\/7 Suport On-line 500+ Clien\u021bi mul\u021bumi\u021bi 10+ Ani experien\u021b\u0103 profesional\u0103 98% Cazuri de succes Serviciile noastre Consulta\u021bie Juridic\u0103 Oferim consulta\u021bii [&hellip;]<\/p>\n","protected":false},"author":1,"featured_media":27,"parent":0,"menu_order":0,"comment_status":"closed","ping_status":"closed","template":"","meta":{"om_disable_all_campaigns":false,"_monsterinsights_skip_tracking":false,"_monsterinsights_sitenote_active":false,"_monsterinsights_sitenote_note":"","_monsterinsights_sitenote_category":0,"site-sidebar-layout":"no-sidebar","site-content-layout":"plain-container","ast-site-content-layout":"default","site-content-style":"default","site-sidebar-style":"default","ast-global-header-display":"","ast-banner-title-visibility":"","ast-main-header-display":"","ast-hfb-above-header-display":"","ast-hfb-below-header-display":"","ast-hfb-mobile-header-display":"","site-post-title":"disabled","ast-breadcrumbs-content":"","ast-featured-img":"disabled","footer-sml-layout":"","ast-disable-related-posts":"","theme-transparent-header-meta":"enabled","adv-header-id-meta":"","stick-header-meta":"","header-above-stick-meta":"","header-main-stick-meta":"","header-below-stick-meta":"","astra-migrate-meta-layouts":"default","ast-page-background-enabled":"default","ast-page-background-meta":{"desktop":{"background-color":"var(--ast-global-color-5)","background-image":"","background-repeat":"repeat","background-position":"center center","background-size":"auto","background-attachment":"scroll","background-type":"","background-media":"","overlay-type":"","overlay-color":"","overlay-opacity":"","overlay-gradient":""},"tablet":{"background-color":"","background-image":"","background-repeat":"repeat","background-position":"center center","background-size":"auto","background-attachment":"scroll","background-type":"","background-media":"","overlay-type":"","overlay-color":"","overlay-opacity":"","overlay-gradient":""},"mobile":{"background-color":"","background-image":"","background-repeat":"repeat","background-position":"center center","background-size":"auto","background-attachment":"scroll","background-type":"","background-media":"","overlay-type":"","overlay-color":"","overlay-opacity":"","overlay-gradient":""}},"ast-content-background-meta":{"desktop":{"background-color":"var(--ast-global-color-4)","background-image":"","background-repeat":"repeat","background-position":"center center","background-size":"auto","background-attachment":"scroll","background-type":"","background-media":"","overlay-type":"","overlay-color":"","overlay-opacity":"","overlay-gradient":""},"tablet":{"background-color":"var(--ast-global-color-4)","background-image":"","background-repeat":"repeat","background-position":"center center","background-size":"auto","background-attachment":"scroll","background-type":"","background-media":"","overlay-type":"","overlay-color":"","overlay-opacity":"","overlay-gradient":""},"mobile":{"background-color":"var(--ast-global-color-4)","background-image":"","background-repeat":"repeat","background-position":"center center","background-size":"auto","background-attachment":"scroll","background-type":"","background-media":"","overlay-type":"","overlay-color":"","overlay-opacity":"","overlay-gradient":""}},"footnotes":""},"class_list":["post-7","page","type-page","status-publish","has-post-thumbnail","hentry"],"aioseo_notices":[],"_links":{"self":[{"href":"https:\/\/nazarciuc.com\/index.php?rest_route=\/wp\/v2\/pages\/7","targetHints":{"allow":["GET"]}}],"collection":[{"href":"https:\/\/nazarciuc.com\/index.php?rest_route=\/wp\/v2\/pages"}],"about":[{"href":"https:\/\/nazarciuc.com\/index.php?rest_route=\/wp\/v2\/types\/page"}],"author":[{"embeddable":true,"href":"https:\/\/nazarciuc.com\/index.php?rest_route=\/wp\/v2\/users\/1"}],"replies":[{"embeddable":true,"href":"https:\/\/nazarciuc.com\/index.php?rest_route=%2Fwp%2Fv2%2Fcomments&post=7"}],"version-history":[{"count":0,"href":"https:\/\/nazarciuc.com\/index.php?rest_route=\/wp\/v2\/pages\/7\/revisions"}],"wp:featuredmedia":[{"embeddable":true,"href":"https:\/\/nazarciuc.com\/index.php?rest_route=\/wp\/v2\/media\/27"}],"wp:attachment":[{"href":"https:\/\/nazarciuc.com\/index.php?rest_route=%2Fwp%2Fv2%2Fmedia&parent=7"}],"curies":[{"name":"wp","href":"https:\/\/api.w.org\/{rel}","templated":true}]}}